{"id":7930,"date":"2016-12-10T07:15:40","date_gmt":"2016-12-10T07:15:40","guid":{"rendered":"https:\/\/bollig-tours.wearequattro.com\/blog\/blog-right-sidebar\/"},"modified":"2024-11-28T07:26:41","modified_gmt":"2024-11-28T07:26:41","slug":"blog","status":"publish","type":"page","link":"https:\/\/bollig-tours.lu\/fr\/blog\/","title":{"rendered":"Blog"},"content":{"rendered":"\t\t<div data-elementor-type=\"wp-page\" data-elementor-id=\"7930\" class=\"elementor elementor-7930 elementor-90\" data-elementor-post-type=\"page\">\n\t\t\t\t<div class=\"elementor-element elementor-element-bac8130 e-con-full e-flex e-con e-parent\" data-id=\"bac8130\" data-element_type=\"container\" data-e-type=\"container\" data-settings=\"{&quot;grandtour_ext_is_background_parallax&quot;:&quot;false&quot;,&quot;grandtour_ext_is_background_backdrop&quot;:&quot;false&quot;,&quot;grandtour_ext_is_background_on_scroll&quot;:&quot;false&quot;,&quot;grandtour_ext_link_sidemenu&quot;:&quot;false&quot;,&quot;grandtour_ext_link_fullmenu&quot;:&quot;false&quot;,&quot;grandtour_ext_link_closed_fullmenu&quot;:&quot;false&quot;,&quot;grandtour_ext_is_sticky&quot;:&quot;false&quot;,&quot;grandtour_ext_is_scrollme&quot;:&quot;false&quot;,&quot;grandtour_ext_is_smoove&quot;:&quot;false&quot;,&quot;grandtour_ext_is_parallax_mouse&quot;:&quot;false&quot;,&quot;grandtour_ext_is_infinite&quot;:&quot;false&quot;,&quot;grandtour_ext_is_fadeout_animation&quot;:&quot;false&quot;,&quot;grandtour_ext_mobile_static&quot;:&quot;false&quot;}\">\n\t\t\t\t<div class=\"elementor-element elementor-element-aca1188 elementor-widget elementor-widget-spacer\" data-id=\"aca1188\" data-element_type=\"widget\" data-e-type=\"widget\" data-settings=\"{&quot;grandtour_ext_link_sidemenu&quot;:&quot;false&quot;,&quot;grandtour_ext_link_fullmenu&quot;:&quot;false&quot;,&quot;grandtour_ext_link_closed_fullmenu&quot;:&quot;false&quot;,&quot;grandtour_ext_is_sticky&quot;:&quot;false&quot;,&quot;grandtour_ext_is_scrollme&quot;:&quot;false&quot;,&quot;grandtour_ext_is_smoove&quot;:&quot;false&quot;,&quot;grandtour_ext_is_parallax_mouse&quot;:&quot;false&quot;,&quot;grandtour_ext_is_infinite&quot;:&quot;false&quot;,&quot;grandtour_ext_is_fadeout_animation&quot;:&quot;false&quot;,&quot;grandtour_ext_mobile_static&quot;:&quot;false&quot;}\" data-widget_type=\"spacer.default\">\n\t\t\t\t<div class=\"elementor-widget-container\">\n\t\t\t\t\t\t\t<div class=\"elementor-spacer\">\n\t\t\t<div class=\"elementor-spacer-inner\"><\/div>\n\t\t<\/div>\n\t\t\t\t\t\t<\/div>\n\t\t\t\t<\/div>\n\t\t\t\t<div class=\"elementor-element elementor-element-03d8388 elementor-widget__width-initial elementor-widget elementor-widget-text-editor\" data-id=\"03d8388\" data-element_type=\"widget\" data-e-type=\"widget\" data-settings=\"{&quot;grandtour_ext_link_sidemenu&quot;:&quot;false&quot;,&quot;grandtour_ext_link_fullmenu&quot;:&quot;false&quot;,&quot;grandtour_ext_link_closed_fullmenu&quot;:&quot;false&quot;,&quot;grandtour_ext_is_sticky&quot;:&quot;false&quot;,&quot;grandtour_ext_is_scrollme&quot;:&quot;false&quot;,&quot;grandtour_ext_is_smoove&quot;:&quot;false&quot;,&quot;grandtour_ext_is_parallax_mouse&quot;:&quot;false&quot;,&quot;grandtour_ext_is_infinite&quot;:&quot;false&quot;,&quot;grandtour_ext_is_fadeout_animation&quot;:&quot;false&quot;,&quot;grandtour_ext_mobile_static&quot;:&quot;false&quot;}\" data-widget_type=\"text-editor.default\">\n\t\t\t\t<div class=\"elementor-widget-container\">\n\t\t\t\t\t\t\t\t\t<h3>Bienvenue sur le blog de voyage de Bollig Tours!<\/h3><div><strong>\u00a0<\/strong><\/div><div class=\"flex max-w-full flex-col flex-grow\"><div class=\"min-h-8 text-message flex w-full flex-col items-end gap-2 whitespace-normal break-words [.text-message+&amp;]:mt-5\" dir=\"auto\" data-message-author-role=\"assistant\" data-message-id=\"962e46ca-01c8-40ce-b521-8aef1ccde2b7\" data-message-model-slug=\"gpt-4o\"><div class=\"flex w-full flex-col gap-1 empty:hidden first:pt-[3px]\"><div class=\"markdown prose w-full break-words dark:prose-invert light\"><p>Votre prochaine aventure commence ici ! Chez Bollig Tours, nous avons \u00e0 c\u0153ur de partager nos connaissances et notre amour du voyage. Notre blog regorge de conseils pratiques, d\u2019id\u00e9es de destinations et d\u2019inspiration pour vous aider \u00e0 planifier des voyages m\u00e9morables. Que vous recherchiez des conseils d\u2019experts, des tr\u00e9sors cach\u00e9s ou des id\u00e9es de voyages durables, vous trouverez tout cela ici. Plongez dans nos articles et laissez-nous vous guider pour d\u00e9couvrir de nouveaux lieux, de nouvelles exp\u00e9riences et de nouvelles fa\u00e7ons d\u2019explorer le monde !<\/p><\/div><\/div><\/div><\/div>\t\t\t\t\t\t\t\t<\/div>\n\t\t\t\t<\/div>\n\t\t\t\t<\/div>\n\t\t\t\t<\/div>\n\t\t","protected":false},"excerpt":{"rendered":"<p>Bienvenue sur le blog de voyage de Bollig Tours! \u00a0 Votre prochaine aventure commence ici ! Chez Bollig Tours, nous avons \u00e0 c\u0153ur de partager nos connaissances et notre amour du voyage. Notre blog regorge de conseils pratiques, d\u2019id\u00e9es de [&hellip;]<\/p>\n","protected":false},"author":1,"featured_media":7556,"parent":0,"menu_order":0,"comment_status":"closed","ping_status":"closed","template":"blog_r.php","meta":{"_acf_changed":false,"footnotes":""},"class_list":["post-7930","page","type-page","status-publish","has-post-thumbnail","hentry"],"acf":[],"yoast_head":"<!-- This site is optimized with the Yoast SEO plugin v26.9 - https:\/\/yoast.com\/product\/yoast-seo-wordpress\/ -->\n<title>Blog - Unvergessliche Reiseerlebnisse I BOLLIG TOURS<\/title>\n<meta name=\"robots\" content=\"index, follow, max-snippet:-1, max-image-preview:large, max-video-preview:-1\" \/>\n<link rel=\"canonical\" href=\"https:\/\/bollig-tours.lu\/fr\/blog\/\" \/>\n<meta property=\"og:locale\" content=\"fr_FR\" \/>\n<meta property=\"og:type\" content=\"article\" \/>\n<meta property=\"og:title\" content=\"Blog - Unvergessliche Reiseerlebnisse I BOLLIG TOURS\" \/>\n<meta property=\"og:description\" content=\"Bienvenue sur le blog de voyage de Bollig Tours! \u00a0 Votre prochaine aventure commence ici ! Chez Bollig Tours, nous avons \u00e0 c\u0153ur de partager nos connaissances et notre amour du voyage. Notre blog regorge de conseils pratiques, d\u2019id\u00e9es de [&hellip;]\" \/>\n<meta property=\"og:url\" content=\"https:\/\/bollig-tours.lu\/fr\/blog\/\" \/>\n<meta property=\"og:site_name\" content=\"Unvergessliche Reiseerlebnisse I BOLLIG TOURS\" \/>\n<meta property=\"article:modified_time\" content=\"2024-11-28T07:26:41+00:00\" \/>\n<meta property=\"og:image\" content=\"https:\/\/bollig-tours.lu\/wp-content\/uploads\/2024\/09\/Blog-\u00a9Pcess609_stock.adobe_.jpg\" \/>\n\t<meta property=\"og:image:width\" content=\"1920\" \/>\n\t<meta property=\"og:image:height\" content=\"900\" \/>\n\t<meta property=\"og:image:type\" content=\"image\/jpeg\" \/>\n<meta name=\"twitter:card\" content=\"summary_large_image\" \/>\n<meta name=\"twitter:label1\" content=\"Dur\u00e9e de lecture estim\u00e9e\" \/>\n\t<meta name=\"twitter:data1\" content=\"1 minute\" \/>\n<script type=\"application\/ld+json\" class=\"yoast-schema-graph\">{\"@context\":\"https:\/\/schema.org\",\"@graph\":[{\"@type\":\"WebPage\",\"@id\":\"https:\/\/bollig-tours.lu\/fr\/blog\/\",\"url\":\"https:\/\/bollig-tours.lu\/fr\/blog\/\",\"name\":\"Blog - Unvergessliche Reiseerlebnisse I BOLLIG TOURS\",\"isPartOf\":{\"@id\":\"https:\/\/bollig-tours.lu\/fr\/#website\"},\"primaryImageOfPage\":{\"@id\":\"https:\/\/bollig-tours.lu\/fr\/blog\/#primaryimage\"},\"image\":{\"@id\":\"https:\/\/bollig-tours.lu\/fr\/blog\/#primaryimage\"},\"thumbnailUrl\":\"https:\/\/bollig-tours.lu\/wp-content\/uploads\/2024\/09\/Blog-\u00a9Pcess609_stock.adobe_.jpg\",\"datePublished\":\"2016-12-10T07:15:40+00:00\",\"dateModified\":\"2024-11-28T07:26:41+00:00\",\"breadcrumb\":{\"@id\":\"https:\/\/bollig-tours.lu\/fr\/blog\/#breadcrumb\"},\"inLanguage\":\"fr-FR\",\"potentialAction\":[{\"@type\":\"ReadAction\",\"target\":[\"https:\/\/bollig-tours.lu\/fr\/blog\/\"]}]},{\"@type\":\"ImageObject\",\"inLanguage\":\"fr-FR\",\"@id\":\"https:\/\/bollig-tours.lu\/fr\/blog\/#primaryimage\",\"url\":\"https:\/\/bollig-tours.lu\/wp-content\/uploads\/2024\/09\/Blog-\u00a9Pcess609_stock.adobe_.jpg\",\"contentUrl\":\"https:\/\/bollig-tours.lu\/wp-content\/uploads\/2024\/09\/Blog-\u00a9Pcess609_stock.adobe_.jpg\",\"width\":1920,\"height\":900,\"caption\":\"\u00a9Pcess609_stock.adobe\"},{\"@type\":\"BreadcrumbList\",\"@id\":\"https:\/\/bollig-tours.lu\/fr\/blog\/#breadcrumb\",\"itemListElement\":[{\"@type\":\"ListItem\",\"position\":1,\"name\":\"Home\",\"item\":\"https:\/\/bollig-tours.lu\/fr\/\"},{\"@type\":\"ListItem\",\"position\":2,\"name\":\"Blog\"}]},{\"@type\":\"WebSite\",\"@id\":\"https:\/\/bollig-tours.lu\/fr\/#website\",\"url\":\"https:\/\/bollig-tours.lu\/fr\/\",\"name\":\"Unvergessliche Reiseerlebnisse I BOLLIG TOURS\",\"description\":\"\",\"potentialAction\":[{\"@type\":\"SearchAction\",\"target\":{\"@type\":\"EntryPoint\",\"urlTemplate\":\"https:\/\/bollig-tours.lu\/fr\/?s={search_term_string}\"},\"query-input\":{\"@type\":\"PropertyValueSpecification\",\"valueRequired\":true,\"valueName\":\"search_term_string\"}}],\"inLanguage\":\"fr-FR\"}]}<\/script>\n<!-- \/ Yoast SEO plugin. -->","yoast_head_json":{"title":"Blog - Unvergessliche Reiseerlebnisse I BOLLIG TOURS","robots":{"index":"index","follow":"follow","max-snippet":"max-snippet:-1","max-image-preview":"max-image-preview:large","max-video-preview":"max-video-preview:-1"},"canonical":"https:\/\/bollig-tours.lu\/fr\/blog\/","og_locale":"fr_FR","og_type":"article","og_title":"Blog - Unvergessliche Reiseerlebnisse I BOLLIG TOURS","og_description":"Bienvenue sur le blog de voyage de Bollig Tours! \u00a0 Votre prochaine aventure commence ici ! Chez Bollig Tours, nous avons \u00e0 c\u0153ur de partager nos connaissances et notre amour du voyage. Notre blog regorge de conseils pratiques, d\u2019id\u00e9es de [&hellip;]","og_url":"https:\/\/bollig-tours.lu\/fr\/blog\/","og_site_name":"Unvergessliche Reiseerlebnisse I BOLLIG TOURS","article_modified_time":"2024-11-28T07:26:41+00:00","og_image":[{"width":1920,"height":900,"url":"https:\/\/bollig-tours.lu\/wp-content\/uploads\/2024\/09\/Blog-\u00a9Pcess609_stock.adobe_.jpg","type":"image\/jpeg"}],"twitter_card":"summary_large_image","twitter_misc":{"Dur\u00e9e de lecture estim\u00e9e":"1 minute"},"schema":{"@context":"https:\/\/schema.org","@graph":[{"@type":"WebPage","@id":"https:\/\/bollig-tours.lu\/fr\/blog\/","url":"https:\/\/bollig-tours.lu\/fr\/blog\/","name":"Blog - Unvergessliche Reiseerlebnisse I BOLLIG TOURS","isPartOf":{"@id":"https:\/\/bollig-tours.lu\/fr\/#website"},"primaryImageOfPage":{"@id":"https:\/\/bollig-tours.lu\/fr\/blog\/#primaryimage"},"image":{"@id":"https:\/\/bollig-tours.lu\/fr\/blog\/#primaryimage"},"thumbnailUrl":"https:\/\/bollig-tours.lu\/wp-content\/uploads\/2024\/09\/Blog-\u00a9Pcess609_stock.adobe_.jpg","datePublished":"2016-12-10T07:15:40+00:00","dateModified":"2024-11-28T07:26:41+00:00","breadcrumb":{"@id":"https:\/\/bollig-tours.lu\/fr\/blog\/#breadcrumb"},"inLanguage":"fr-FR","potentialAction":[{"@type":"ReadAction","target":["https:\/\/bollig-tours.lu\/fr\/blog\/"]}]},{"@type":"ImageObject","inLanguage":"fr-FR","@id":"https:\/\/bollig-tours.lu\/fr\/blog\/#primaryimage","url":"https:\/\/bollig-tours.lu\/wp-content\/uploads\/2024\/09\/Blog-\u00a9Pcess609_stock.adobe_.jpg","contentUrl":"https:\/\/bollig-tours.lu\/wp-content\/uploads\/2024\/09\/Blog-\u00a9Pcess609_stock.adobe_.jpg","width":1920,"height":900,"caption":"\u00a9Pcess609_stock.adobe"},{"@type":"BreadcrumbList","@id":"https:\/\/bollig-tours.lu\/fr\/blog\/#breadcrumb","itemListElement":[{"@type":"ListItem","position":1,"name":"Home","item":"https:\/\/bollig-tours.lu\/fr\/"},{"@type":"ListItem","position":2,"name":"Blog"}]},{"@type":"WebSite","@id":"https:\/\/bollig-tours.lu\/fr\/#website","url":"https:\/\/bollig-tours.lu\/fr\/","name":"Unvergessliche Reiseerlebnisse I BOLLIG TOURS","description":"","potentialAction":[{"@type":"SearchAction","target":{"@type":"EntryPoint","urlTemplate":"https:\/\/bollig-tours.lu\/fr\/?s={search_term_string}"},"query-input":{"@type":"PropertyValueSpecification","valueRequired":true,"valueName":"search_term_string"}}],"inLanguage":"fr-FR"}]}},"_links":{"self":[{"href":"https:\/\/bollig-tours.lu\/fr\/wp-json\/wp\/v2\/pages\/7930","targetHints":{"allow":["GET"]}}],"collection":[{"href":"https:\/\/bollig-tours.lu\/fr\/wp-json\/wp\/v2\/pages"}],"about":[{"href":"https:\/\/bollig-tours.lu\/fr\/wp-json\/wp\/v2\/types\/page"}],"author":[{"embeddable":true,"href":"https:\/\/bollig-tours.lu\/fr\/wp-json\/wp\/v2\/users\/1"}],"replies":[{"embeddable":true,"href":"https:\/\/bollig-tours.lu\/fr\/wp-json\/wp\/v2\/comments?post=7930"}],"version-history":[{"count":12,"href":"https:\/\/bollig-tours.lu\/fr\/wp-json\/wp\/v2\/pages\/7930\/revisions"}],"predecessor-version":[{"id":8727,"href":"https:\/\/bollig-tours.lu\/fr\/wp-json\/wp\/v2\/pages\/7930\/revisions\/8727"}],"wp:featuredmedia":[{"embeddable":true,"href":"https:\/\/bollig-tours.lu\/fr\/wp-json\/wp\/v2\/media\/7556"}],"wp:attachment":[{"href":"https:\/\/bollig-tours.lu\/fr\/wp-json\/wp\/v2\/media?parent=7930"}],"curies":[{"name":"wp","href":"https:\/\/api.w.org\/{rel}","templated":true}]}}