{"id":17236,"date":"2025-07-02T13:34:54","date_gmt":"2025-07-02T13:34:54","guid":{"rendered":"https:\/\/bollig-tours.lu\/?page_id=17236"},"modified":"2025-11-25T11:43:02","modified_gmt":"2025-11-25T11:43:02","slug":"jobs","status":"publish","type":"page","link":"https:\/\/bollig-tours.lu\/fr\/jobs\/","title":{"rendered":"Jobs"},"content":{"rendered":"\t\t<div data-elementor-type=\"wp-page\" data-elementor-id=\"17236\" class=\"elementor elementor-17236 elementor-17234\" data-elementor-post-type=\"page\">\n\t\t\t\t<div class=\"elementor-element elementor-element-b5ec038 e-flex e-con-boxed e-con e-parent\" data-id=\"b5ec038\" data-element_type=\"container\" data-e-type=\"container\" data-settings=\"{&quot;grandtour_ext_is_background_parallax&quot;:&quot;false&quot;,&quot;grandtour_ext_is_background_backdrop&quot;:&quot;false&quot;,&quot;grandtour_ext_is_background_on_scroll&quot;:&quot;false&quot;,&quot;grandtour_ext_link_sidemenu&quot;:&quot;false&quot;,&quot;grandtour_ext_link_fullmenu&quot;:&quot;false&quot;,&quot;grandtour_ext_link_closed_fullmenu&quot;:&quot;false&quot;,&quot;grandtour_ext_is_sticky&quot;:&quot;false&quot;,&quot;grandtour_ext_is_scrollme&quot;:&quot;false&quot;,&quot;grandtour_ext_is_smoove&quot;:&quot;false&quot;,&quot;grandtour_ext_is_parallax_mouse&quot;:&quot;false&quot;,&quot;grandtour_ext_is_infinite&quot;:&quot;false&quot;,&quot;grandtour_ext_is_fadeout_animation&quot;:&quot;false&quot;,&quot;grandtour_ext_mobile_static&quot;:&quot;false&quot;}\">\n\t\t\t\t\t<div class=\"e-con-inner\">\n\t\t<div class=\"elementor-element elementor-element-ca32cda e-con-full e-flex e-con e-child\" data-id=\"ca32cda\" data-element_type=\"container\" data-e-type=\"container\" data-settings=\"{&quot;grandtour_ext_is_background_parallax&quot;:&quot;false&quot;,&quot;grandtour_ext_is_background_backdrop&quot;:&quot;false&quot;,&quot;grandtour_ext_is_background_on_scroll&quot;:&quot;false&quot;,&quot;grandtour_ext_link_sidemenu&quot;:&quot;false&quot;,&quot;grandtour_ext_link_fullmenu&quot;:&quot;false&quot;,&quot;grandtour_ext_link_closed_fullmenu&quot;:&quot;false&quot;,&quot;grandtour_ext_is_sticky&quot;:&quot;false&quot;,&quot;grandtour_ext_is_scrollme&quot;:&quot;false&quot;,&quot;grandtour_ext_is_smoove&quot;:&quot;false&quot;,&quot;grandtour_ext_is_parallax_mouse&quot;:&quot;false&quot;,&quot;grandtour_ext_is_infinite&quot;:&quot;false&quot;,&quot;grandtour_ext_is_fadeout_animation&quot;:&quot;false&quot;,&quot;grandtour_ext_mobile_static&quot;:&quot;false&quot;}\">\n\t\t\t\t<div class=\"elementor-element elementor-element-3b2bbc8 elementor-widget elementor-widget-spacer\" data-id=\"3b2bbc8\" data-element_type=\"widget\" data-e-type=\"widget\" data-settings=\"{&quot;grandtour_ext_link_sidemenu&quot;:&quot;false&quot;,&quot;grandtour_ext_link_fullmenu&quot;:&quot;false&quot;,&quot;grandtour_ext_link_closed_fullmenu&quot;:&quot;false&quot;,&quot;grandtour_ext_is_sticky&quot;:&quot;false&quot;,&quot;grandtour_ext_is_scrollme&quot;:&quot;false&quot;,&quot;grandtour_ext_is_smoove&quot;:&quot;false&quot;,&quot;grandtour_ext_is_parallax_mouse&quot;:&quot;false&quot;,&quot;grandtour_ext_is_infinite&quot;:&quot;false&quot;,&quot;grandtour_ext_is_fadeout_animation&quot;:&quot;false&quot;,&quot;grandtour_ext_mobile_static&quot;:&quot;false&quot;}\" data-widget_type=\"spacer.default\">\n\t\t\t\t<div class=\"elementor-widget-container\">\n\t\t\t\t\t\t\t<div class=\"elementor-spacer\">\n\t\t\t<div class=\"elementor-spacer-inner\"><\/div>\n\t\t<\/div>\n\t\t\t\t\t\t<\/div>\n\t\t\t\t<\/div>\n\t\t\t\t<div class=\"elementor-element elementor-element-f2ce3e0 elementor-widget elementor-widget-heading\" data-id=\"f2ce3e0\" data-element_type=\"widget\" data-e-type=\"widget\" data-settings=\"{&quot;grandtour_ext_link_sidemenu&quot;:&quot;false&quot;,&quot;grandtour_ext_link_fullmenu&quot;:&quot;false&quot;,&quot;grandtour_ext_link_closed_fullmenu&quot;:&quot;false&quot;,&quot;grandtour_ext_is_sticky&quot;:&quot;false&quot;,&quot;grandtour_ext_is_scrollme&quot;:&quot;false&quot;,&quot;grandtour_ext_is_smoove&quot;:&quot;false&quot;,&quot;grandtour_ext_is_parallax_mouse&quot;:&quot;false&quot;,&quot;grandtour_ext_is_infinite&quot;:&quot;false&quot;,&quot;grandtour_ext_is_fadeout_animation&quot;:&quot;false&quot;,&quot;grandtour_ext_mobile_static&quot;:&quot;false&quot;}\" data-widget_type=\"heading.default\">\n\t\t\t\t<div class=\"elementor-widget-container\">\n\t\t\t\t\t<h2 class=\"elementor-heading-title elementor-size-default\">Devenez membre de notre \u00e9quipe<\/h2>\t\t\t\t<\/div>\n\t\t\t\t<\/div>\n\t\t\t\t<div class=\"elementor-element elementor-element-622c8b5 elementor-widget elementor-widget-text-editor\" data-id=\"622c8b5\" data-element_type=\"widget\" data-e-type=\"widget\" data-settings=\"{&quot;grandtour_ext_link_sidemenu&quot;:&quot;false&quot;,&quot;grandtour_ext_link_fullmenu&quot;:&quot;false&quot;,&quot;grandtour_ext_link_closed_fullmenu&quot;:&quot;false&quot;,&quot;grandtour_ext_is_sticky&quot;:&quot;false&quot;,&quot;grandtour_ext_is_scrollme&quot;:&quot;false&quot;,&quot;grandtour_ext_is_smoove&quot;:&quot;false&quot;,&quot;grandtour_ext_is_parallax_mouse&quot;:&quot;false&quot;,&quot;grandtour_ext_is_infinite&quot;:&quot;false&quot;,&quot;grandtour_ext_is_fadeout_animation&quot;:&quot;false&quot;,&quot;grandtour_ext_mobile_static&quot;:&quot;false&quot;}\" data-widget_type=\"text-editor.default\">\n\t\t\t\t<div class=\"elementor-widget-container\">\n\t\t\t\t\t\t\t\t\t<p>Vous aimez voyager et souhaitez aider les autres \u00e0 vivre des exp\u00e9riences inoubliables\u00a0? Alors vous \u00eates au bon endroit\u00a0! D\u00e9couvrez nos offres d&#8217;emploi et lancez votre carri\u00e8re dans le monde du voyage.<\/p>\t\t\t\t\t\t\t\t<\/div>\n\t\t\t\t<\/div>\n\t\t\t\t<\/div>\n\t\t\t\t<div class=\"elementor-element elementor-element-df68f89 elementor-grid-1 elementor-grid-tablet-2 elementor-grid-mobile-1 elementor-widget elementor-widget-loop-grid\" data-id=\"df68f89\" data-element_type=\"widget\" data-e-type=\"widget\" data-settings=\"{&quot;template_id&quot;:17371,&quot;columns&quot;:1,&quot;_skin&quot;:&quot;post&quot;,&quot;columns_tablet&quot;:&quot;2&quot;,&quot;columns_mobile&quot;:&quot;1&quot;,&quot;edit_handle_selector&quot;:&quot;[data-elementor-type=\\&quot;loop-item\\&quot;]&quot;,&quot;row_gap&quot;:{&quot;unit&quot;:&quot;px&quot;,&quot;size&quot;:&quot;&quot;,&quot;sizes&quot;:[]},&quot;row_gap_tablet&quot;:{&quot;unit&quot;:&quot;px&quot;,&quot;size&quot;:&quot;&quot;,&quot;sizes&quot;:[]},&quot;row_gap_mobile&quot;:{&quot;unit&quot;:&quot;px&quot;,&quot;size&quot;:&quot;&quot;,&quot;sizes&quot;:[]},&quot;grandtour_ext_link_sidemenu&quot;:&quot;false&quot;,&quot;grandtour_ext_link_fullmenu&quot;:&quot;false&quot;,&quot;grandtour_ext_link_closed_fullmenu&quot;:&quot;false&quot;,&quot;grandtour_ext_is_sticky&quot;:&quot;false&quot;,&quot;grandtour_ext_is_scrollme&quot;:&quot;false&quot;,&quot;grandtour_ext_is_smoove&quot;:&quot;false&quot;,&quot;grandtour_ext_is_parallax_mouse&quot;:&quot;false&quot;,&quot;grandtour_ext_is_infinite&quot;:&quot;false&quot;,&quot;grandtour_ext_is_fadeout_animation&quot;:&quot;false&quot;,&quot;grandtour_ext_mobile_static&quot;:&quot;false&quot;}\" data-widget_type=\"loop-grid.post\">\n\t\t\t\t<div class=\"elementor-widget-container\">\n\t\t\t\t\t\t\t<div class=\"e-loop-nothing-found-message\">\n\t\t\t\t\t<div class=\"e-loop-nothing-found-message__text\">\n\t\t\t\tZurzeit haben wir keine offenen Stellen.\t\t\t<\/div>\n\t\t\t<\/div>\n\t\t\t\t\t\t<\/div>\n\t\t\t\t<\/div>\n\t\t\t\t\t<\/div>\n\t\t\t\t<\/div>\n\t\t\t\t<\/div>\n\t\t","protected":false},"excerpt":{"rendered":"<p>Devenez membre de notre \u00e9quipe Vous aimez voyager et souhaitez aider les autres \u00e0 vivre des exp\u00e9riences inoubliables\u00a0? Alors vous \u00eates au bon endroit\u00a0! D\u00e9couvrez nos offres d&#8217;emploi et lancez votre carri\u00e8re dans le monde du voyage.<\/p>\n","protected":false},"author":1,"featured_media":17331,"parent":0,"menu_order":0,"comment_status":"closed","ping_status":"closed","template":"page_r.php","meta":{"_acf_changed":false,"footnotes":""},"class_list":["post-17236","page","type-page","status-publish","has-post-thumbnail","hentry"],"acf":[],"yoast_head":"<!-- This site is optimized with the Yoast SEO plugin v26.9 - https:\/\/yoast.com\/product\/yoast-seo-wordpress\/ -->\n<title>Jobs - Unvergessliche Reiseerlebnisse I BOLLIG TOURS<\/title>\n<meta name=\"robots\" content=\"index, follow, max-snippet:-1, max-image-preview:large, max-video-preview:-1\" \/>\n<link rel=\"canonical\" href=\"https:\/\/bollig-tours.lu\/fr\/jobs\/\" \/>\n<meta property=\"og:locale\" content=\"fr_FR\" \/>\n<meta property=\"og:type\" content=\"article\" \/>\n<meta property=\"og:title\" content=\"Jobs - Unvergessliche Reiseerlebnisse I BOLLIG TOURS\" \/>\n<meta property=\"og:description\" content=\"Devenez membre de notre \u00e9quipe Vous aimez voyager et souhaitez aider les autres \u00e0 vivre des exp\u00e9riences inoubliables\u00a0? Alors vous \u00eates au bon endroit\u00a0! D\u00e9couvrez nos offres d&#8217;emploi et lancez votre carri\u00e8re dans le monde du voyage.\" \/>\n<meta property=\"og:url\" content=\"https:\/\/bollig-tours.lu\/fr\/jobs\/\" \/>\n<meta property=\"og:site_name\" content=\"Unvergessliche Reiseerlebnisse I BOLLIG TOURS\" \/>\n<meta property=\"article:modified_time\" content=\"2025-11-25T11:43:02+00:00\" \/>\n<meta property=\"og:image\" content=\"https:\/\/bollig-tours.lu\/wp-content\/uploads\/2025\/07\/Teamwork-\u00a9REDPIXEL_adobe.stock-AdobeStock_288346477-scaled.jpeg\" \/>\n\t<meta property=\"og:image:width\" content=\"2560\" \/>\n\t<meta property=\"og:image:height\" content=\"1363\" \/>\n\t<meta property=\"og:image:type\" content=\"image\/jpeg\" \/>\n<meta name=\"twitter:card\" content=\"summary_large_image\" \/>\n<meta name=\"twitter:label1\" content=\"Dur\u00e9e de lecture estim\u00e9e\" \/>\n\t<meta name=\"twitter:data1\" content=\"2 minutes\" \/>\n<script type=\"application\/ld+json\" class=\"yoast-schema-graph\">{\"@context\":\"https:\/\/schema.org\",\"@graph\":[{\"@type\":\"WebPage\",\"@id\":\"https:\/\/bollig-tours.lu\/fr\/jobs\/\",\"url\":\"https:\/\/bollig-tours.lu\/fr\/jobs\/\",\"name\":\"Jobs - Unvergessliche Reiseerlebnisse I BOLLIG TOURS\",\"isPartOf\":{\"@id\":\"https:\/\/bollig-tours.lu\/fr\/#website\"},\"primaryImageOfPage\":{\"@id\":\"https:\/\/bollig-tours.lu\/fr\/jobs\/#primaryimage\"},\"image\":{\"@id\":\"https:\/\/bollig-tours.lu\/fr\/jobs\/#primaryimage\"},\"thumbnailUrl\":\"https:\/\/bollig-tours.lu\/wp-content\/uploads\/2025\/07\/Teamwork-\u00a9REDPIXEL_adobe.stock-AdobeStock_288346477-scaled.jpeg\",\"datePublished\":\"2025-07-02T13:34:54+00:00\",\"dateModified\":\"2025-11-25T11:43:02+00:00\",\"breadcrumb\":{\"@id\":\"https:\/\/bollig-tours.lu\/fr\/jobs\/#breadcrumb\"},\"inLanguage\":\"fr-FR\",\"potentialAction\":[{\"@type\":\"ReadAction\",\"target\":[\"https:\/\/bollig-tours.lu\/fr\/jobs\/\"]}]},{\"@type\":\"ImageObject\",\"inLanguage\":\"fr-FR\",\"@id\":\"https:\/\/bollig-tours.lu\/fr\/jobs\/#primaryimage\",\"url\":\"https:\/\/bollig-tours.lu\/wp-content\/uploads\/2025\/07\/Teamwork-\u00a9REDPIXEL_adobe.stock-AdobeStock_288346477-scaled.jpeg\",\"contentUrl\":\"https:\/\/bollig-tours.lu\/wp-content\/uploads\/2025\/07\/Teamwork-\u00a9REDPIXEL_adobe.stock-AdobeStock_288346477-scaled.jpeg\",\"width\":2560,\"height\":1363,\"caption\":\"Close up top view of young business people putting their hands together. Stack of hands. Unity and teamwork concept.\"},{\"@type\":\"BreadcrumbList\",\"@id\":\"https:\/\/bollig-tours.lu\/fr\/jobs\/#breadcrumb\",\"itemListElement\":[{\"@type\":\"ListItem\",\"position\":1,\"name\":\"Home\",\"item\":\"https:\/\/bollig-tours.lu\/fr\/\"},{\"@type\":\"ListItem\",\"position\":2,\"name\":\"Jobs\"}]},{\"@type\":\"WebSite\",\"@id\":\"https:\/\/bollig-tours.lu\/fr\/#website\",\"url\":\"https:\/\/bollig-tours.lu\/fr\/\",\"name\":\"Unvergessliche Reiseerlebnisse I BOLLIG TOURS\",\"description\":\"\",\"potentialAction\":[{\"@type\":\"SearchAction\",\"target\":{\"@type\":\"EntryPoint\",\"urlTemplate\":\"https:\/\/bollig-tours.lu\/fr\/?s={search_term_string}\"},\"query-input\":{\"@type\":\"PropertyValueSpecification\",\"valueRequired\":true,\"valueName\":\"search_term_string\"}}],\"inLanguage\":\"fr-FR\"}]}<\/script>\n<!-- \/ Yoast SEO plugin. -->","yoast_head_json":{"title":"Jobs - Unvergessliche Reiseerlebnisse I BOLLIG TOURS","robots":{"index":"index","follow":"follow","max-snippet":"max-snippet:-1","max-image-preview":"max-image-preview:large","max-video-preview":"max-video-preview:-1"},"canonical":"https:\/\/bollig-tours.lu\/fr\/jobs\/","og_locale":"fr_FR","og_type":"article","og_title":"Jobs - Unvergessliche Reiseerlebnisse I BOLLIG TOURS","og_description":"Devenez membre de notre \u00e9quipe Vous aimez voyager et souhaitez aider les autres \u00e0 vivre des exp\u00e9riences inoubliables\u00a0? Alors vous \u00eates au bon endroit\u00a0! D\u00e9couvrez nos offres d&#8217;emploi et lancez votre carri\u00e8re dans le monde du voyage.","og_url":"https:\/\/bollig-tours.lu\/fr\/jobs\/","og_site_name":"Unvergessliche Reiseerlebnisse I BOLLIG TOURS","article_modified_time":"2025-11-25T11:43:02+00:00","og_image":[{"width":2560,"height":1363,"url":"https:\/\/bollig-tours.lu\/wp-content\/uploads\/2025\/07\/Teamwork-\u00a9REDPIXEL_adobe.stock-AdobeStock_288346477-scaled.jpeg","type":"image\/jpeg"}],"twitter_card":"summary_large_image","twitter_misc":{"Dur\u00e9e de lecture estim\u00e9e":"2 minutes"},"schema":{"@context":"https:\/\/schema.org","@graph":[{"@type":"WebPage","@id":"https:\/\/bollig-tours.lu\/fr\/jobs\/","url":"https:\/\/bollig-tours.lu\/fr\/jobs\/","name":"Jobs - Unvergessliche Reiseerlebnisse I BOLLIG TOURS","isPartOf":{"@id":"https:\/\/bollig-tours.lu\/fr\/#website"},"primaryImageOfPage":{"@id":"https:\/\/bollig-tours.lu\/fr\/jobs\/#primaryimage"},"image":{"@id":"https:\/\/bollig-tours.lu\/fr\/jobs\/#primaryimage"},"thumbnailUrl":"https:\/\/bollig-tours.lu\/wp-content\/uploads\/2025\/07\/Teamwork-\u00a9REDPIXEL_adobe.stock-AdobeStock_288346477-scaled.jpeg","datePublished":"2025-07-02T13:34:54+00:00","dateModified":"2025-11-25T11:43:02+00:00","breadcrumb":{"@id":"https:\/\/bollig-tours.lu\/fr\/jobs\/#breadcrumb"},"inLanguage":"fr-FR","potentialAction":[{"@type":"ReadAction","target":["https:\/\/bollig-tours.lu\/fr\/jobs\/"]}]},{"@type":"ImageObject","inLanguage":"fr-FR","@id":"https:\/\/bollig-tours.lu\/fr\/jobs\/#primaryimage","url":"https:\/\/bollig-tours.lu\/wp-content\/uploads\/2025\/07\/Teamwork-\u00a9REDPIXEL_adobe.stock-AdobeStock_288346477-scaled.jpeg","contentUrl":"https:\/\/bollig-tours.lu\/wp-content\/uploads\/2025\/07\/Teamwork-\u00a9REDPIXEL_adobe.stock-AdobeStock_288346477-scaled.jpeg","width":2560,"height":1363,"caption":"Close up top view of young business people putting their hands together. Stack of hands. Unity and teamwork concept."},{"@type":"BreadcrumbList","@id":"https:\/\/bollig-tours.lu\/fr\/jobs\/#breadcrumb","itemListElement":[{"@type":"ListItem","position":1,"name":"Home","item":"https:\/\/bollig-tours.lu\/fr\/"},{"@type":"ListItem","position":2,"name":"Jobs"}]},{"@type":"WebSite","@id":"https:\/\/bollig-tours.lu\/fr\/#website","url":"https:\/\/bollig-tours.lu\/fr\/","name":"Unvergessliche Reiseerlebnisse I BOLLIG TOURS","description":"","potentialAction":[{"@type":"SearchAction","target":{"@type":"EntryPoint","urlTemplate":"https:\/\/bollig-tours.lu\/fr\/?s={search_term_string}"},"query-input":{"@type":"PropertyValueSpecification","valueRequired":true,"valueName":"search_term_string"}}],"inLanguage":"fr-FR"}]}},"_links":{"self":[{"href":"https:\/\/bollig-tours.lu\/fr\/wp-json\/wp\/v2\/pages\/17236","targetHints":{"allow":["GET"]}}],"collection":[{"href":"https:\/\/bollig-tours.lu\/fr\/wp-json\/wp\/v2\/pages"}],"about":[{"href":"https:\/\/bollig-tours.lu\/fr\/wp-json\/wp\/v2\/types\/page"}],"author":[{"embeddable":true,"href":"https:\/\/bollig-tours.lu\/fr\/wp-json\/wp\/v2\/users\/1"}],"replies":[{"embeddable":true,"href":"https:\/\/bollig-tours.lu\/fr\/wp-json\/wp\/v2\/comments?post=17236"}],"version-history":[{"count":4,"href":"https:\/\/bollig-tours.lu\/fr\/wp-json\/wp\/v2\/pages\/17236\/revisions"}],"predecessor-version":[{"id":17288,"href":"https:\/\/bollig-tours.lu\/fr\/wp-json\/wp\/v2\/pages\/17236\/revisions\/17288"}],"wp:featuredmedia":[{"embeddable":true,"href":"https:\/\/bollig-tours.lu\/fr\/wp-json\/wp\/v2\/media\/17331"}],"wp:attachment":[{"href":"https:\/\/bollig-tours.lu\/fr\/wp-json\/wp\/v2\/media?parent=17236"}],"curies":[{"name":"wp","href":"https:\/\/api.w.org\/{rel}","templated":true}]}}